{"id":3140,"date":"2026-02-24T13:43:36","date_gmt":"2026-02-24T13:43:36","guid":{"rendered":"https:\/\/deliservy.com\/?page_id=3140"},"modified":"2026-02-28T01:18:16","modified_gmt":"2026-02-28T01:18:16","slug":"politica-de-privacidad","status":"publish","type":"page","link":"https:\/\/deliservy.com\/en\/politica-de-privacidad\/","title":{"rendered":"Politicas de Privacidad"},"content":{"rendered":"<div data-elementor-type=\"wp-page\" data-elementor-id=\"3140\" class=\"elementor elementor-3140\">\n\t\t\t\t<div class=\"elementor-element elementor-element-0a6a0b1 e-flex e-con-boxed e-con e-parent\" data-id=\"0a6a0b1\" data-element_type=\"container\" data-e-type=\"container\" data-settings=\"{&quot;background_background&quot;:&quot;gradient&quot;}\">\n\t\t\t\t\t<div class=\"e-con-inner\">\n\t\t\t\t<div class=\"elementor-element elementor-element-7260a9c elementor-widget elementor-widget-text-editor\" data-id=\"7260a9c\" data-element_type=\"widget\" data-e-type=\"widget\" data-widget_type=\"text-editor.default\">\n\t\t\t\t<div class=\"elementor-widget-container\">\n\t\t\t\t\t\t\t\t\t<div class=\"tVu25\"><div class=\"nH\"><div class=\"nH\"><div class=\"nH aqk aql bkL\"><div class=\"nH bkK\"><div class=\"nH\"><div class=\"nH ar4 z\"><div class=\"aeI\"><div class=\"AO\"><div id=\":3\" class=\"Tm aeJ cgjhk\"><div id=\":1\" class=\"aeF\"><div class=\"nH\"><div class=\"nH\" role=\"main\"><div class=\"nH g\"><div class=\"nH a98 iY\"><div class=\"nH\"><div class=\"aHU hx\"><div role=\"list\"><div class=\"h7 ie\" tabindex=\"-1\" role=\"listitem\" aria-expanded=\"true\"><div class=\"Bk\"><div class=\"G3 G2\"><div id=\"avWBGd-0\"><div id=\"avWBGd-1\"><div class=\"adn ads\" data-message-id=\"#msg-a:r2988394697581154593\" data-legacy-message-id=\"19c90a8858ce5922\"><div class=\"gs\"><div class=\"\"><div id=\":n4\" class=\"ii gt\"><div id=\":n3\" class=\"a3s aiL\"><div id=\"avWBGd-17\"><div dir=\"auto\"><div dir=\"auto\"><span style=\"color: #ffffff;\">POL\u00cdTICA DE PRIVACIDAD DE DELISERVY<\/span><\/div><div dir=\"auto\">\u00a0<\/div><div dir=\"auto\"><span style=\"color: #ffffff;\">DeliservyApp, C.A. y Deliservy LLC<\/span><\/div><div dir=\"auto\"><span style=\"color: #ffffff;\">\u00daltima actualizaci\u00f3n: 24 de febrero de 2026<\/span><\/div><div dir=\"auto\">\u00a0<\/div><div dir=\"auto\">\u00a0<\/div><div dir=\"auto\"><span style=\"color: #ffffff;\">1. INTRODUCCI\u00d3N Y ALCANCE<\/span><\/div><div dir=\"auto\">\u00a0<\/div><div dir=\"auto\"><span style=\"color: #ffffff;\">Esta Pol\u00edtica de Privacidad describe c\u00f3mo DELISERVY recopila, utiliza, comparte y protege la informaci\u00f3n personal de:<\/span><\/div><div dir=\"auto\">\u00a0<\/div><div dir=\"auto\"><span style=\"color: #ffffff;\">\u2022 Clientes\/Usuarios finales<\/span><\/div><div dir=\"auto\"><span style=\"color: #ffffff;\">\u2022 Comercios afiliados (restaurantes, tiendas, supermercados)<\/span><\/div><div dir=\"auto\"><span style=\"color: #ffffff;\">\u2022 Repartidores y Conductores (delivery de comida, art\u00edculos, ridesharing y taxis)<\/span><\/div><div dir=\"auto\">\u00a0<\/div><div dir=\"auto\"><span style=\"color: #ffffff;\">DELISERVY opera a trav\u00e9s de:<\/span><\/div><div dir=\"auto\">\u00a0<\/div><div dir=\"auto\"><span style=\"color: #ffffff;\">\u2022 DeliservyApp, C.A. (Venezuela)<\/span><\/div><div dir=\"auto\"><span style=\"color: #ffffff;\">\u2022 Deliservy LLC (Operaciones internacionales \/ USA)<\/span><\/div><div dir=\"auto\">\u00a0<\/div><div dir=\"auto\"><span style=\"color: #ffffff;\">Esta pol\u00edtica aplica:<\/span><\/div><div dir=\"auto\">\u00a0<\/div><div dir=\"auto\"><span style=\"color: #ffffff;\">\u2022 App m\u00f3vil<\/span><\/div><div dir=\"auto\"><span style=\"color: #ffffff;\">\u2022 Sitio web<\/span><\/div><div dir=\"auto\"><span style=\"color: #ffffff;\">\u2022 Servicios asociados (soporte, notificaciones, facturaci\u00f3n, geolocalizaci\u00f3n)<\/span><\/div><div dir=\"auto\">\u00a0<\/div><div dir=\"auto\"><span style=\"color: #ffffff;\">Al registrarte o usar nuestros servicios, aceptas esta Pol\u00edtica.<\/span><\/div><div dir=\"auto\">\u00a0<\/div><div dir=\"auto\">\u00a0<\/div><div dir=\"auto\"><span style=\"color: #ffffff;\">2. PRINCIPIOS Y BASES LEGALES<\/span><\/div><div dir=\"auto\">\u00a0<\/div><div dir=\"auto\"><span style=\"color: #ffffff;\">Tratamos tus datos conforme a los principios de:<\/span><\/div><div dir=\"auto\">\u00a0<\/div><div dir=\"auto\"><span style=\"color: #ffffff;\">\u2022 Legalidad<\/span><\/div><div dir=\"auto\"><span style=\"color: #ffffff;\">\u2022 Finalidad espec\u00edfica<\/span><\/div><div dir=\"auto\"><span style=\"color: #ffffff;\">\u2022 Proporcionalidad<\/span><\/div><div dir=\"auto\"><span style=\"color: #ffffff;\">\u2022 Transparencia<\/span><\/div><div dir=\"auto\"><span style=\"color: #ffffff;\">\u2022 Seguridad<\/span><\/div><div dir=\"auto\"><span style=\"color: #ffffff;\">\u2022 Confidencialidad<\/span><\/div><div dir=\"auto\">\u00a0<\/div><div dir=\"auto\"><span style=\"color: #ffffff;\">Basamos el tratamiento de datos en:<\/span><\/div><div dir=\"auto\">\u00a0<\/div><div dir=\"auto\"><span style=\"color: #ffffff;\">\u2022 Consentimiento expl\u00edcito del usuario<\/span><\/div><div dir=\"auto\"><span style=\"color: #ffffff;\">\u2022 Ejecuci\u00f3n de un contrato de servicios<\/span><\/div><div dir=\"auto\"><span style=\"color: #ffffff;\">\u2022 Obligaciones legales<\/span><\/div><div dir=\"auto\"><span style=\"color: #ffffff;\">\u2022 Intereses leg\u00edtimos para seguridad y prevenci\u00f3n de fraude<\/span><\/div><div dir=\"auto\">\u00a0<\/div><div dir=\"auto\">\u00a0<\/div><div dir=\"auto\"><span style=\"color: #ffffff;\">3. INFORMACI\u00d3N QUE RECOPILAMOS<\/span><\/div><div dir=\"auto\">\u00a0<\/div><div dir=\"auto\"><span style=\"color: #ffffff;\">A. Informaci\u00f3n de IDENTIFICACI\u00d3N<\/span><\/div><div dir=\"auto\">\u00a0<\/div><div dir=\"auto\"><span style=\"color: #ffffff;\">Usuarios \/ Clientes<\/span><\/div><div dir=\"auto\"><span style=\"color: #ffffff;\">\u2022 Nombre y apellido<\/span><\/div><div dir=\"auto\"><span style=\"color: #ffffff;\">\u2022 Tel\u00e9fono<\/span><\/div><div dir=\"auto\"><span style=\"color: #ffffff;\">\u2022 Correo electr\u00f3nico<\/span><\/div><div dir=\"auto\"><span style=\"color: #ffffff;\">\u2022 Direcci\u00f3n f\u00edsica (entrega\/recogida)<\/span><\/div><div dir=\"auto\">\u00a0<\/div><div dir=\"auto\"><span style=\"color: #ffffff;\">Comercios Afiliados<\/span><\/div><div dir=\"auto\"><span style=\"color: #ffffff;\">\u2022 Raz\u00f3n social<\/span><\/div><div dir=\"auto\"><span style=\"color: #ffffff;\">\u2022 RIF o identificaci\u00f3n fiscal<\/span><\/div><div dir=\"auto\"><span style=\"color: #ffffff;\">\u2022 Direcci\u00f3n comercial<\/span><\/div><div dir=\"auto\"><span style=\"color: #ffffff;\">\u2022 Representante legal<\/span><\/div><div dir=\"auto\"><span style=\"color: #ffffff;\">\u2022 Tel\u00e9fonos y correos institucionales<\/span><\/div><div dir=\"auto\">\u00a0<\/div><div dir=\"auto\"><span style=\"color: #ffffff;\">Repartidores y Conductores<\/span><\/div><div dir=\"auto\"><span style=\"color: #ffffff;\">\u2022 Nombre completo<\/span><\/div><div dir=\"auto\"><span style=\"color: #ffffff;\">\u2022 Documento de identidad<\/span><\/div><div dir=\"auto\"><span style=\"color: #ffffff;\">\u2022 Licencia de conducir vigente<\/span><\/div><div dir=\"auto\"><span style=\"color: #ffffff;\">\u2022 Datos del veh\u00edculo<\/span><\/div><div dir=\"auto\"><span style=\"color: #ffffff;\">\u2022 Datos bancarios para pagos<\/span><\/div><div dir=\"auto\"><span style=\"color: #ffffff;\">\u2022 Certificaciones y seguros (si aplica)<\/span><\/div><div dir=\"auto\"><span style=\"color: #ffffff;\">\u2022 Fotograf\u00eda y verificaci\u00f3n de identidad<\/span><\/div><div dir=\"auto\">\u00a0<\/div><div dir=\"auto\">\u00a0<\/div><div dir=\"auto\"><span style=\"color: #ffffff;\">B. DATOS DE CONTACTO Y COMUNICACI\u00d3N<\/span><\/div><div dir=\"auto\">\u00a0<\/div><div dir=\"auto\"><span style=\"color: #ffffff;\">\u2022 Mensajes de soporte<\/span><\/div><div dir=\"auto\"><span style=\"color: #ffffff;\">\u2022 Comunicaciones por SMS\/Email<\/span><\/div><div dir=\"auto\"><span style=\"color: #ffffff;\">\u2022 Grabaciones de llamadas con soporte (si aplica)<\/span><\/div><div dir=\"auto\"><span style=\"color: #ffffff;\">\u2022 Notificaciones push<\/span><\/div><div dir=\"auto\">\u00a0<\/div><div dir=\"auto\"><span style=\"color: #ffffff;\">C. DATOS DE PAGO Y FACTURACI\u00d3N<\/span><\/div><div dir=\"auto\">\u00a0<\/div><div dir=\"auto\"><span style=\"color: #ffffff;\">Para procesar pagos utilizamos pasarelas autorizadas.<\/span><\/div><div dir=\"auto\"><span style=\"color: #ffffff;\">No almacenamos datos sensibles de tarjetas sin cifrado; estos los maneja el proveedor de pago conforme PCI DSS (est\u00e1ndar internacional).<\/span><\/div><div dir=\"auto\">\u00a0<\/div><div dir=\"auto\"><span style=\"color: #ffffff;\">Podemos recopilar:<\/span><\/div><div dir=\"auto\">\u00a0<\/div><div dir=\"auto\"><span style=\"color: #ffffff;\">\u2022 Token de tarjeta tokenizado<\/span><\/div><div dir=\"auto\"><span style=\"color: #ffffff;\">\u2022 Historial de transacciones<\/span><\/div><div dir=\"auto\"><span style=\"color: #ffffff;\">\u2022 Facturas y comprobantes fiscales<\/span><\/div><div dir=\"auto\">\u00a0<\/div><div dir=\"auto\"><span style=\"color: #ffffff;\">D. DATOS T\u00c9CNICOS Y DE USO<\/span><\/div><div dir=\"auto\">\u00a0<\/div><div dir=\"auto\"><span style=\"color: #ffffff;\">\u2022 Direcci\u00f3n IP<\/span><\/div><div dir=\"auto\"><span style=\"color: #ffffff;\">\u2022 Identificaci\u00f3n de dispositivo<\/span><\/div><div dir=\"auto\"><span style=\"color: #ffffff;\">\u2022 Sistema operativo<\/span><\/div><div dir=\"auto\"><span style=\"color: #ffffff;\">\u2022 Versi\u00f3n de la app<\/span><\/div><div dir=\"auto\"><span style=\"color: #ffffff;\">\u2022 P\u00e1ginas vistas<\/span><\/div><div dir=\"auto\"><span style=\"color: #ffffff;\">\u2022 Evento de interacci\u00f3n dentro de la app<\/span><\/div><div dir=\"auto\">\u00a0<\/div><div dir=\"auto\"><span style=\"color: #ffffff;\">Estos datos se utilizan para analizar rendimiento y detectar patrones an\u00f3malos.<\/span><\/div><div dir=\"auto\">\u00a0<\/div><div dir=\"auto\"><span style=\"color: #ffffff;\">E. DATOS DE GEOLOCALIZACI\u00d3N<\/span><\/div><div dir=\"auto\">\u00a0<\/div><div dir=\"auto\"><span style=\"color: #ffffff;\">Recopilamos tu ubicaci\u00f3n en tiempo real para:<\/span><\/div><div dir=\"auto\">\u00a0<\/div><div dir=\"auto\"><span style=\"color: #ffffff;\">\u2022 Calcular rutas \u00f3ptimas<\/span><\/div><div dir=\"auto\"><span style=\"color: #ffffff;\">\u2022 Asignar repartidores<\/span><\/div><div dir=\"auto\"><span style=\"color: #ffffff;\">\u2022 Estimar tiempos de llegada<\/span><\/div><div dir=\"auto\"><span style=\"color: #ffffff;\">\u2022 Seguridad de viajes y entregas<\/span><\/div><div dir=\"auto\">\u00a0<\/div><div dir=\"auto\"><span style=\"color: #ffffff;\">Para conductores, la ubicaci\u00f3n activa es obligatoria mientras prestan servicio.<\/span><\/div><div dir=\"auto\">\u00a0<\/div><div dir=\"auto\">\u00a0<\/div><div dir=\"auto\"><span style=\"color: #ffffff;\">F. DATOS DE CALIFICACIONES Y COMPORTAMIENTO<\/span><\/div><div dir=\"auto\">\u00a0<\/div><div dir=\"auto\"><span style=\"color: #ffffff;\">Los usuarios, comercios y conductores pueden ser evaluados:<\/span><\/div><div dir=\"auto\">\u00a0<\/div><div dir=\"auto\"><span style=\"color: #ffffff;\">\u2022 Calificaciones<\/span><\/div><div dir=\"auto\"><span style=\"color: #ffffff;\">\u2022 Comentarios<\/span><\/div><div dir=\"auto\"><span style=\"color: #ffffff;\">\u2022 Reportes de incidencias<\/span><\/div><div dir=\"auto\">\u00a0<\/div><div dir=\"auto\"><span style=\"color: #ffffff;\">Estos datos se utilizan para algoritmos de calidad y confianza dentro de la plataforma.<\/span><\/div><div dir=\"auto\">\u00a0<\/div><div dir=\"auto\">\u00a0<\/div><div dir=\"auto\"><span style=\"color: #ffffff;\">4. FINALIDADES DEL TRATAMIENTO<\/span><\/div><div dir=\"auto\">\u00a0<\/div><div dir=\"auto\"><span style=\"color: #ffffff;\">La informaci\u00f3n recopilada se utiliza para:<\/span><\/div><div dir=\"auto\">\u00a0<\/div><div dir=\"auto\"><span style=\"color: #ffffff;\">OPERACI\u00d3N DEL SERVICIO<\/span><\/div><div dir=\"auto\">\u00a0<\/div><div dir=\"auto\"><span style=\"color: #ffffff;\">\u2022 Procesar pedidos y entregas<\/span><\/div><div dir=\"auto\"><span style=\"color: #ffffff;\">\u2022 Calcular tarifas y distancias<\/span><\/div><div dir=\"auto\"><span style=\"color: #ffffff;\">\u2022 Gestionar pagos y comisiones<\/span><\/div><div dir=\"auto\"><span style=\"color: #ffffff;\">\u2022 Asignar rutas y conductores<\/span><\/div><div dir=\"auto\">\u00a0<\/div><div dir=\"auto\"><span style=\"color: #ffffff;\">SEGURIDAD Y PREVENCI\u00d3N DE FRAUDE<\/span><\/div><div dir=\"auto\">\u00a0<\/div><div dir=\"auto\"><span style=\"color: #ffffff;\">\u2022 Detectar actividad inusual<\/span><\/div><div dir=\"auto\"><span style=\"color: #ffffff;\">\u2022 Prevenir duplicaci\u00f3n de cuentas<\/span><\/div><div dir=\"auto\"><span style=\"color: #ffffff;\">\u2022 Bloquear transacciones sospechosas<\/span><\/div><div dir=\"auto\"><span style=\"color: #ffffff;\">\u2022 Suspender cuentas con patrones de abuso<\/span><\/div><div dir=\"auto\">\u00a0<\/div><div dir=\"auto\"><span style=\"color: #ffffff;\">SOPORTE Y ATENCI\u00d3N AL CLIENTE<\/span><\/div><div dir=\"auto\">\u00a0<\/div><div dir=\"auto\"><span style=\"color: #ffffff;\">\u2022 Revisar reclamos<\/span><\/div><div dir=\"auto\"><span style=\"color: #ffffff;\">\u2022 Resolver disputas<\/span><\/div><div dir=\"auto\"><span style=\"color: #ffffff;\">\u2022 Documentar comunicaciones<\/span><\/div><div dir=\"auto\">\u00a0<\/div><div dir=\"auto\"><span style=\"color: #ffffff;\">OBLIGACIONES LEGALES Y FISCALES<\/span><\/div><div dir=\"auto\">\u00a0<\/div><div dir=\"auto\"><span style=\"color: #ffffff;\">\u2022 Reportes a autoridades<\/span><\/div><div dir=\"auto\"><span style=\"color: #ffffff;\">\u2022 Conservaci\u00f3n de datos para auditor\u00edas \u2022 Entrega de informaci\u00f3n cuando lo requiera autoridad competente<\/span><\/div><div dir=\"auto\">\u00a0<\/div><div dir=\"auto\">\u00a0<\/div><div dir=\"auto\"><span style=\"color: #ffffff;\">5. USO DE DATOS PARA CANCELACIONES Y MAL USO<\/span><\/div><div dir=\"auto\">\u00a0<\/div><div dir=\"auto\"><span style=\"color: #ffffff;\">Tu informaci\u00f3n ser\u00e1 utilizada para:<\/span><\/div><div dir=\"auto\">\u00a0<\/div><div dir=\"auto\"><span style=\"color: #ffffff;\">\u2022 Determinar aplicaci\u00f3n de tarifas por cancelaciones conforme a T\u00e9rminos y Condiciones.<\/span><\/div><div dir=\"auto\"><span style=\"color: #ffffff;\">\u2022 Identificar patrones de uso indebido de servicios.<\/span><\/div><div dir=\"auto\"><span style=\"color: #ffffff;\">\u2022 Investigar actividad fraudulenta.<\/span><\/div><div dir=\"auto\"><span style=\"color: #ffffff;\">\u2022 Generar reportes internos de riesgo.<\/span><\/div><div dir=\"auto\"><span style=\"color: #ffffff;\">\u2022 Colaborar con autoridades si se identifica conducta ilegal, incluyendo el reporte a cuerpos policiales competentes cuando corresponda.<\/span><\/div><div dir=\"auto\">\u00a0<\/div><div dir=\"auto\"><span style=\"color: #ffffff;\">Esto aplica tanto para clientes como para repartidores o comercios que est\u00e9n violando reglas o leyes.<\/span><\/div><div dir=\"auto\">\u00a0<\/div><div dir=\"auto\"><span style=\"color: #ffffff;\">6. C\u00d3MO COMPARTIMOS TU INFORMACI\u00d3N<\/span><\/div><div dir=\"auto\">\u00a0<\/div><div dir=\"auto\"><span style=\"color: #ffffff;\">CON PROVEEDORES TERCEROS<\/span><\/div><div dir=\"auto\">\u00a0<\/div><div dir=\"auto\"><span style=\"color: #ffffff;\">Podemos compartir datos con:<\/span><\/div><div dir=\"auto\">\u00a0<\/div><div dir=\"auto\"><span style=\"color: #ffffff;\">\u2022 Pasarelas de pago<\/span><\/div><div dir=\"auto\"><span style=\"color: #ffffff;\">\u2022 Servicios de geolocalizaci\u00f3n<\/span><\/div><div dir=\"auto\"><span style=\"color: #ffffff;\">\u2022 Proveedores de soporte<\/span><\/div><div dir=\"auto\"><span style=\"color: #ffffff;\">\u2022 Servicios de mensajer\u00eda<\/span><\/div><div dir=\"auto\"><span style=\"color: #ffffff;\">\u2022 Plataformas de an\u00e1lisis<\/span><\/div><div dir=\"auto\">\u00a0<\/div><div dir=\"auto\"><span style=\"color: #ffffff;\">Estos terceros solo reciben datos necesarios para cumplir su funci\u00f3n.<\/span><\/div><div dir=\"auto\">\u00a0<\/div><div dir=\"auto\">\u00a0<\/div><div dir=\"auto\"><span style=\"color: #ffffff;\">CON AUTORIDADES<\/span><\/div><div dir=\"auto\">\u00a0<\/div><div dir=\"auto\"><span style=\"color: #ffffff;\">Podemos entregar datos cuando:<\/span><\/div><div dir=\"auto\">\u00a0<\/div><div dir=\"auto\"><span style=\"color: #ffffff;\">\u2022 La ley lo exige<\/span><\/div><div dir=\"auto\"><span style=\"color: #ffffff;\">\u2022 Existe orden judicial<\/span><\/div><div dir=\"auto\"><span style=\"color: #ffffff;\">\u2022 Hay riesgo inminente para seguridad o integridad de terceros<\/span><\/div><div dir=\"auto\">\u00a0<\/div><div dir=\"auto\">\u00a0<\/div><div dir=\"auto\"><span style=\"color: #ffffff;\">ENTRE USUARIOS, COMERCIOS Y CONDUCTORES<\/span><\/div><div dir=\"auto\">\u00a0<\/div><div dir=\"auto\"><span style=\"color: #ffffff;\">\u2022 Comercios reciben solo datos de clientes necesarios para preparar pedidos.<\/span><\/div><div dir=\"auto\"><span style=\"color: #ffffff;\">\u2022 Conductores reciben solo datos de clientes necesarios para completar entrega o traslado.<\/span><\/div><div dir=\"auto\">\u00a0<\/div><div dir=\"auto\"><span style=\"color: #ffffff;\">Los datos de contacto se usan para comunicar detalles espec\u00edficos del servicio.<\/span><\/div><\/div><div dir=\"auto\">\u00a0<\/div><div dir=\"auto\"><div dir=\"auto\"><span style=\"color: #ffffff;\">7. RETENCI\u00d3N Y CONSERVACI\u00d3N<\/span><\/div><div dir=\"auto\">\u00a0<\/div><div dir=\"auto\"><span style=\"color: #ffffff;\">Mantenemos tus datos mientras:<\/span><\/div><div dir=\"auto\">\u00a0<\/div><div dir=\"auto\"><span style=\"color: #ffffff;\">\u2022 Tengas cuenta activa<\/span><\/div><div dir=\"auto\"><span style=\"color: #ffffff;\">\u2022 Existan obligaciones legales o fiscales<\/span><\/div><div dir=\"auto\"><span style=\"color: #ffffff;\">\u2022 Haya investigaciones en curso<\/span><\/div><div dir=\"auto\">\u00a0<\/div><div dir=\"auto\"><span style=\"color: #ffffff;\">Al eliminar la cuenta, conservamos ciertos datos para cumplimiento legal.<\/span><\/div><div dir=\"auto\">\u00a0<\/div><div dir=\"auto\">\u00a0<\/div><div dir=\"auto\"><span style=\"color: #ffffff;\">8. SEGURIDAD DE LA INFORMACI\u00d3N<\/span><\/div><div dir=\"auto\">\u00a0<\/div><div dir=\"auto\"><span style=\"color: #ffffff;\">Aplicamos salvaguardas:<\/span><\/div><div dir=\"auto\">\u00a0<\/div><div dir=\"auto\"><span style=\"color: #ffffff;\">\u2022 Cifrado de datos sensibles<\/span><\/div><div dir=\"auto\"><span style=\"color: #ffffff;\">\u2022 Acceso restringido<\/span><\/div><div dir=\"auto\"><span style=\"color: #ffffff;\">\u2022 Monitoreo de actividad sospechosa<\/span><\/div><div dir=\"auto\"><span style=\"color: #ffffff;\">\u2022 Protocolos internos de protecci\u00f3n<\/span><\/div><div dir=\"auto\">\u00a0<\/div><div dir=\"auto\">\u00a0<\/div><div dir=\"auto\"><span style=\"color: #ffffff;\">9. DERECHOS DE LOS TITULARES<\/span><\/div><div dir=\"auto\">\u00a0<\/div><div dir=\"auto\"><span style=\"color: #ffffff;\">Dependiendo de tu pa\u00eds puedes tener:<\/span><\/div><div dir=\"auto\">\u00a0<\/div><div dir=\"auto\"><span style=\"color: #ffffff;\">\u2022 Derecho de acceso<\/span><\/div><div dir=\"auto\"><span style=\"color: #ffffff;\">\u2022 Derecho de rectificaci\u00f3n<\/span><\/div><div dir=\"auto\"><span style=\"color: #ffffff;\">\u2022 Derecho de eliminaci\u00f3n<\/span><\/div><div dir=\"auto\"><span style=\"color: #ffffff;\">\u2022 Derecho de oposici\u00f3n<\/span><\/div><div dir=\"auto\"><span style=\"color: #ffffff;\">\u2022 Derecho de portabilidad<\/span><\/div><div dir=\"auto\">\u00a0<\/div><div dir=\"auto\"><span style=\"color: #ffffff;\">Podemos solicitar verificaci\u00f3n de identidad antes de procesar la solicitud.<\/span><\/div><div dir=\"auto\">\u00a0<\/div><div dir=\"auto\">\u00a0<\/div><div dir=\"auto\"><span style=\"color: #ffffff;\">10. TRANSFERENCIAS INTERNACIONALES<\/span><\/div><div dir=\"auto\">\u00a0<\/div><div dir=\"auto\"><span style=\"color: #ffffff;\">Si operamos fuera de Venezuela, tus datos podr\u00e1n ser transferidos entre jurisdicciones bajo medidas de protecci\u00f3n legal y t\u00e9cnica.<\/span><\/div><div dir=\"auto\">\u00a0<\/div><div dir=\"auto\">\u00a0<\/div><div dir=\"auto\"><span style=\"color: #ffffff;\">11. DATOS BIOM\u00c9TRICOS (si aplica en el futuro)<\/span><\/div><div dir=\"auto\">\u00a0<\/div><div dir=\"auto\"><span style=\"color: #ffffff;\">Si en el futuro incorporas reconocimiento facial o biometr\u00eda, se deber\u00e1 notificar y solicitar consentimiento expl\u00edcito conforme leyes locales.<\/span><\/div><div dir=\"auto\">\u00a0<\/div><div dir=\"auto\">\u00a0<\/div><div dir=\"auto\"><span style=\"color: #ffffff;\">12. MENAS Y RESTRICCIONES DE USO<\/span><\/div><div dir=\"auto\">\u00a0<\/div><div dir=\"auto\"><span style=\"color: #ffffff;\">Los menores de edad no pueden usar nuestros servicios sin autorizaci\u00f3n parental.<\/span><\/div><div dir=\"auto\">\u00a0<\/div><div dir=\"auto\">\u00a0<\/div><div dir=\"auto\"><span style=\"color: #ffffff;\">13. CAMBIOS A ESTA POL\u00cdTICA<\/span><\/div><div dir=\"auto\">\u00a0<\/div><div dir=\"auto\"><span style=\"color: #ffffff;\">Podemos actualizar esta Pol\u00edtica cuando sea necesario. La versi\u00f3n vigente ser\u00e1 publicada en la app.<\/span><\/div><div dir=\"auto\">\u00a0<\/div><div dir=\"auto\"><span style=\"color: #ffffff;\">Uso continuado despu\u00e9s de cambios significa aceptaci\u00f3n de los mismos.<\/span><\/div><div dir=\"auto\">\u00a0<\/div><div dir=\"auto\">\u00a0<\/div><div dir=\"auto\"><span style=\"color: #ffffff;\">14. CONTACTO DE PRIVACIDAD<\/span><\/div><div dir=\"auto\">\u00a0<\/div><div dir=\"auto\"><span style=\"color: #ffffff;\">Para ejercer derechos o dudas de privacidad, puedes escribir a los canales oficiales dentro de la app o la direcci\u00f3n de soporte disponible en la plataforma.<\/span><\/div><\/div><\/div><\/div><\/div><\/div><\/div><\/div><\/div><\/div><\/div><\/div><\/div><\/div><\/div><\/div><\/div><\/div><\/div><\/div><\/div><\/div><\/div><\/div><\/div><\/div><\/div><\/div><\/div><\/div><\/div><div><div>\u00a0<\/div><\/div>\t\t\t\t\t\t\t\t<\/div>\n\t\t\t\t<\/div>\n\t\t\t\t\t<\/div>\n\t\t\t\t<\/div>\n\t\t\t\t<\/div>","protected":false},"excerpt":{"rendered":"<p>POL\u00cdTICA DE PRIVACIDAD DE DELISERVY\u00a0DeliservyApp, C.A. y Deliservy LLC\u00daltima actualizaci\u00f3n: 24 de febrero de 2026\u00a0\u00a01. INTRODUCCI\u00d3N Y ALCANCE\u00a0Esta Pol\u00edtica de Privacidad describe c\u00f3mo DELISERVY recopila, utiliza, comparte y protege la informaci\u00f3n personal de:\u00a0\u2022 Clientes\/Usuarios finales\u2022 Comercios afiliados (restaurantes, tiendas, supermercados)\u2022 Repartidores y Conductores (delivery de comida, art\u00edculos, ridesharing y taxis)\u00a0DELISERVY opera a trav\u00e9s de:\u00a0\u2022 DeliservyApp, [&hellip;]<\/p>\n","protected":false},"author":1,"featured_media":0,"parent":0,"menu_order":0,"comment_status":"closed","ping_status":"closed","template":"elementor_header_footer","meta":{"pagelayer_contact_templates":[],"_pagelayer_content":"","footnotes":""},"class_list":["post-3140","page","type-page","status-publish","hentry"],"_links":{"self":[{"href":"https:\/\/deliservy.com\/en\/wp-json\/wp\/v2\/pages\/3140","targetHints":{"allow":["GET"]}}],"collection":[{"href":"https:\/\/deliservy.com\/en\/wp-json\/wp\/v2\/pages"}],"about":[{"href":"https:\/\/deliservy.com\/en\/wp-json\/wp\/v2\/types\/page"}],"author":[{"embeddable":true,"href":"https:\/\/deliservy.com\/en\/wp-json\/wp\/v2\/users\/1"}],"replies":[{"embeddable":true,"href":"https:\/\/deliservy.com\/en\/wp-json\/wp\/v2\/comments?post=3140"}],"version-history":[{"count":19,"href":"https:\/\/deliservy.com\/en\/wp-json\/wp\/v2\/pages\/3140\/revisions"}],"predecessor-version":[{"id":3314,"href":"https:\/\/deliservy.com\/en\/wp-json\/wp\/v2\/pages\/3140\/revisions\/3314"}],"wp:attachment":[{"href":"https:\/\/deliservy.com\/en\/wp-json\/wp\/v2\/media?parent=3140"}],"curies":[{"name":"wp","href":"https:\/\/api.w.org\/{rel}","templated":true}]}}